{"id":4730,"date":"2020-07-29T08:51:38","date_gmt":"2020-07-29T08:51:38","guid":{"rendered":"http:\/\/wpdemo.archiwp.com\/theratio\/?page_id=4249"},"modified":"2024-06-10T15:03:05","modified_gmt":"2024-06-10T18:03:05","slug":"cases","status":"publish","type":"page","link":"https:\/\/spaceplan.alsbrasil.com.br\/en\/cases\/","title":{"rendered":"Cases"},"content":{"rendered":"<div data-elementor-type=\"wp-page\" data-elementor-id=\"4730\" class=\"elementor elementor-4730\" data-elementor-post-type=\"page\">\n\t\t\t\t\t\t<section class=\"elementor-section elementor-top-section elementor-element elementor-element-808031b elementor-section-boxed elementor-section-height-default elementor-section-height-default\" data-id=\"808031b\" data-element_type=\"section\" data-e-type=\"section\">\n\t\t\t\t\t\t<div class=\"elementor-container elementor-column-gap-default\">\n\t\t\t\t\t<div class=\"elementor-column elementor-col-100 elementor-top-column elementor-element elementor-element-01fb2f2 ot-flex-column-vertical\" data-id=\"01fb2f2\" data-element_type=\"column\" data-e-type=\"column\">\n\t\t\t<div class=\"elementor-widget-wrap elementor-element-populated\">\n\t\t\t\t\t\t<div class=\"elementor-element elementor-element-eb03acd theratio-align-center elementor-widget elementor-widget-iheading\" data-id=\"eb03acd\" data-element_type=\"widget\" data-e-type=\"widget\" data-widget_type=\"iheading.default\">\n\t\t\t\t<div class=\"elementor-widget-container\">\n\t\t\t\t\t\t\t<div class=\"ot-heading\">\r\n\t        \t        <h2 class=\"main-heading\">Some of our cases<\/h2>\t    <\/div>\r\n\t    \t\t\t\t<\/div>\n\t\t\t\t<\/div>\n\t\t\t\t<div class=\"elementor-element elementor-element-2b0a89e elementor-widget elementor-widget-ipfilter\" data-id=\"2b0a89e\" data-element_type=\"widget\" data-e-type=\"widget\" data-widget_type=\"ipfilter.default\">\n\t\t\t\t<div class=\"elementor-widget-container\">\n\t\t\t\t\t\r\n\t\t<div class=\"project-filter-wrapper\">\r\n\t\t\t\t        \t<div class=\"container\">\r\n\t        \t\t<ul class=\"project_filters\">\r\n\t        \t\t\t\t        \t\t\t \t<li><a href=\"#\" data-filter=\"*\" class=\"selected btn-details\">All<span class=\"filter-count\"><\/span><\/a><\/li>\r\n\t        \t\t\t\t\t                \t\t                    <li>\r\n\t\t\t\t\t\t\t\t<a class=\"btn-details\" href='#' data-filter='.category-32'>Corporate Architecture<span class=\"filter-count\"><\/span><\/a>\r\n\t\t\t\t\t\t\t<\/li>\t                    \r\n\t\t                \t\t                    <li>\r\n\t\t\t\t\t\t\t\t<a class=\"btn-details\" href='#' data-filter='.category-35'>Space ZIP<span class=\"filter-count\"><\/span><\/a>\r\n\t\t\t\t\t\t\t<\/li>\t                    \r\n\t\t                \t\t\t\t\t<\/ul>\r\n\t\t\t\t<\/div>\r\n\t        \t\t\t\t        <div class=\"projects-grid pf_3_cols style-1 img-scale w-auto\" data-load=\"3\" data-count=\"23\">\r\n\t\t\t<div class=\"grid-sizer\"><\/div>\r\n\t            \r\n<div class=\"project-item category-32\">\r\n\t<div class=\"projects-box\">\r\n\t\t<div class=\"projects-thumbnail\" data-src=\"https:\/\/spaceplan.alsbrasil.com.br\/wp-content\/uploads\/2025\/09\/spaceplan_goodstorage_finais-alta-3-scaled.jpg\" data-sub-html=\"GoodStorage\">\r\n\t\t\t<a href=\"https:\/\/spaceplan.alsbrasil.com.br\/en\/portfolio\/goodstorage\/\">\r\n\t\t\t\t<img fetchpriority=\"high\" decoding=\"async\" width=\"720\" height=\"720\" src=\"https:\/\/spaceplan.alsbrasil.com.br\/wp-content\/uploads\/2025\/09\/spaceplan_goodstorage_finais-alta-3-720x720.jpg\" class=\"attachment-theratio-portfolio-thumbnail-grid size-theratio-portfolio-thumbnail-grid wp-post-image\" alt=\"\" srcset=\"https:\/\/spaceplan.alsbrasil.com.br\/wp-content\/uploads\/2025\/09\/spaceplan_goodstorage_finais-alta-3-720x720.jpg 720w, https:\/\/spaceplan.alsbrasil.com.br\/wp-content\/uploads\/2025\/09\/spaceplan_goodstorage_finais-alta-3-150x150.jpg 150w\" sizes=\"(max-width: 720px) 100vw, 720px\" \/>\t\t\t<\/a>\r\n\t\t\t\r\n\t\t\t<span class=\"overlay\">\r\n\t\t\t\t<h5>GoodStorage<\/h5>\r\n\t\t\t\t<i class=\"ot-flaticon-add\"><\/i>\r\n\t\t\t<\/span>\r\n\t\t<\/div>\r\n\t\t<div class=\"portfolio-info\">\r\n\t\t\t<div class=\"portfolio-info-inner\">\r\n\t\t\t\t<h5><a class=\"title-link\" href=\"https:\/\/spaceplan.alsbrasil.com.br\/en\/portfolio\/goodstorage\/\" data-src=\"https:\/\/spaceplan.alsbrasil.com.br\/wp-content\/uploads\/2025\/09\/spaceplan_goodstorage_finais-alta-3-scaled.jpg\" data-sub-html=\"GoodStorage\">GoodStorage<\/a><\/h5>\r\n\t\t\t\t<p class=\"portfolio-cates\"><a href=\"https:\/\/spaceplan.alsbrasil.com.br\/en\/portfolio-category\/arq\/\">Corporate Architecture<\/a><\/p> \r\n\t\t\t<\/div>\r\n\t\t\t<a class=\"overlay\" href=\"https:\/\/spaceplan.alsbrasil.com.br\/en\/portfolio\/goodstorage\/\"><\/a>\r\n\t\t<\/div>\r\n\t<\/div>\r\n<\/div>\r\n<div class=\"project-item category-32\">\r\n\t<div class=\"projects-box\">\r\n\t\t<div class=\"projects-thumbnail\" data-src=\"https:\/\/spaceplan.alsbrasil.com.br\/wp-content\/uploads\/2025\/07\/Space-Plan_Projeto-Bradesco-Seguros_Lilia-Mendel-17-scaled.jpg\" data-sub-html=\"Bradesco Seguros\">\r\n\t\t\t<a href=\"https:\/\/spaceplan.alsbrasil.com.br\/en\/portfolio\/bradesco-seguros\/\">\r\n\t\t\t\t<img decoding=\"async\" width=\"720\" height=\"720\" data-src=\"https:\/\/spaceplan.alsbrasil.com.br\/wp-content\/uploads\/2025\/07\/Space-Plan_Projeto-Bradesco-Seguros_Lilia-Mendel-17-720x720.jpg\" class=\"attachment-theratio-portfolio-thumbnail-grid size-theratio-portfolio-thumbnail-grid wp-post-image lazyload\" alt=\"\" data-srcset=\"https:\/\/spaceplan.alsbrasil.com.br\/wp-content\/uploads\/2025\/07\/Space-Plan_Projeto-Bradesco-Seguros_Lilia-Mendel-17-720x720.jpg 720w, https:\/\/spaceplan.alsbrasil.com.br\/wp-content\/uploads\/2025\/07\/Space-Plan_Projeto-Bradesco-Seguros_Lilia-Mendel-17-150x150.jpg 150w\" data-sizes=\"(max-width: 720px) 100vw, 720px\" src=\"data:image\/svg+xml;base64,PHN2ZyB3aWR0aD0iMSIgaGVpZ2h0PSIxIiB4bWxucz0iaHR0cDovL3d3dy53My5vcmcvMjAwMC9zdmciPjwvc3ZnPg==\" style=\"--smush-placeholder-width: 720px; --smush-placeholder-aspect-ratio: 720\/720;\" \/>\t\t\t<\/a>\r\n\t\t\t\r\n\t\t\t<span class=\"overlay\">\r\n\t\t\t\t<h5>Bradesco Insurance<\/h5>\r\n\t\t\t\t<i class=\"ot-flaticon-add\"><\/i>\r\n\t\t\t<\/span>\r\n\t\t<\/div>\r\n\t\t<div class=\"portfolio-info\">\r\n\t\t\t<div class=\"portfolio-info-inner\">\r\n\t\t\t\t<h5><a class=\"title-link\" href=\"https:\/\/spaceplan.alsbrasil.com.br\/en\/portfolio\/bradesco-seguros\/\" data-src=\"https:\/\/spaceplan.alsbrasil.com.br\/wp-content\/uploads\/2025\/07\/Space-Plan_Projeto-Bradesco-Seguros_Lilia-Mendel-17-scaled.jpg\" data-sub-html=\"Bradesco Seguros\">Bradesco Insurance<\/a><\/h5>\r\n\t\t\t\t<p class=\"portfolio-cates\"><a href=\"https:\/\/spaceplan.alsbrasil.com.br\/en\/portfolio-category\/arq\/\">Corporate Architecture<\/a><\/p> \r\n\t\t\t<\/div>\r\n\t\t\t<a class=\"overlay\" href=\"https:\/\/spaceplan.alsbrasil.com.br\/en\/portfolio\/bradesco-seguros\/\"><\/a>\r\n\t\t<\/div>\r\n\t<\/div>\r\n<\/div>\r\n<div class=\"project-item category-32\">\r\n\t<div class=\"projects-box\">\r\n\t\t<div class=\"projects-thumbnail\" data-src=\"https:\/\/spaceplan.alsbrasil.com.br\/wp-content\/uploads\/2025\/02\/03092024_pil_-11-scaled.jpg\" data-sub-html=\"Uniocean Pil\">\r\n\t\t\t<a href=\"https:\/\/spaceplan.alsbrasil.com.br\/en\/portfolio\/uniocean-pil\/\">\r\n\t\t\t\t<img decoding=\"async\" width=\"720\" height=\"720\" data-src=\"https:\/\/spaceplan.alsbrasil.com.br\/wp-content\/uploads\/2025\/02\/03092024_pil_-11-720x720.jpg\" class=\"attachment-theratio-portfolio-thumbnail-grid size-theratio-portfolio-thumbnail-grid wp-post-image lazyload\" alt=\"\" data-srcset=\"https:\/\/spaceplan.alsbrasil.com.br\/wp-content\/uploads\/2025\/02\/03092024_pil_-11-720x720.jpg 720w, https:\/\/spaceplan.alsbrasil.com.br\/wp-content\/uploads\/2025\/02\/03092024_pil_-11-150x150.jpg 150w\" data-sizes=\"(max-width: 720px) 100vw, 720px\" src=\"data:image\/svg+xml;base64,PHN2ZyB3aWR0aD0iMSIgaGVpZ2h0PSIxIiB4bWxucz0iaHR0cDovL3d3dy53My5vcmcvMjAwMC9zdmciPjwvc3ZnPg==\" style=\"--smush-placeholder-width: 720px; --smush-placeholder-aspect-ratio: 720\/720;\" \/>\t\t\t<\/a>\r\n\t\t\t\r\n\t\t\t<span class=\"overlay\">\r\n\t\t\t\t<h5>Uniocean Pil<\/h5>\r\n\t\t\t\t<i class=\"ot-flaticon-add\"><\/i>\r\n\t\t\t<\/span>\r\n\t\t<\/div>\r\n\t\t<div class=\"portfolio-info\">\r\n\t\t\t<div class=\"portfolio-info-inner\">\r\n\t\t\t\t<h5><a class=\"title-link\" href=\"https:\/\/spaceplan.alsbrasil.com.br\/en\/portfolio\/uniocean-pil\/\" data-src=\"https:\/\/spaceplan.alsbrasil.com.br\/wp-content\/uploads\/2025\/02\/03092024_pil_-11-scaled.jpg\" data-sub-html=\"Uniocean Pil\">Uniocean Pil<\/a><\/h5>\r\n\t\t\t\t<p class=\"portfolio-cates\"><a href=\"https:\/\/spaceplan.alsbrasil.com.br\/en\/portfolio-category\/arq\/\">Corporate Architecture<\/a><\/p> \r\n\t\t\t<\/div>\r\n\t\t\t<a class=\"overlay\" href=\"https:\/\/spaceplan.alsbrasil.com.br\/en\/portfolio\/uniocean-pil\/\"><\/a>\r\n\t\t<\/div>\r\n\t<\/div>\r\n<\/div>\r\n<div class=\"project-item category-32\">\r\n\t<div class=\"projects-box\">\r\n\t\t<div class=\"projects-thumbnail\" data-src=\"https:\/\/spaceplan.alsbrasil.com.br\/wp-content\/uploads\/2025\/01\/spaceplan_nuclea_finais-alta-12-scaled.jpg\" data-sub-html=\"Nuclea\">\r\n\t\t\t<a href=\"https:\/\/spaceplan.alsbrasil.com.br\/en\/portfolio\/nuclea\/\">\r\n\t\t\t\t<img decoding=\"async\" width=\"720\" height=\"720\" data-src=\"https:\/\/spaceplan.alsbrasil.com.br\/wp-content\/uploads\/2025\/01\/spaceplan_nuclea_finais-alta-12-720x720.jpg\" class=\"attachment-theratio-portfolio-thumbnail-grid size-theratio-portfolio-thumbnail-grid wp-post-image lazyload\" alt=\"\" data-srcset=\"https:\/\/spaceplan.alsbrasil.com.br\/wp-content\/uploads\/2025\/01\/spaceplan_nuclea_finais-alta-12-720x720.jpg 720w, https:\/\/spaceplan.alsbrasil.com.br\/wp-content\/uploads\/2025\/01\/spaceplan_nuclea_finais-alta-12-150x150.jpg 150w\" data-sizes=\"(max-width: 720px) 100vw, 720px\" src=\"data:image\/svg+xml;base64,PHN2ZyB3aWR0aD0iMSIgaGVpZ2h0PSIxIiB4bWxucz0iaHR0cDovL3d3dy53My5vcmcvMjAwMC9zdmciPjwvc3ZnPg==\" style=\"--smush-placeholder-width: 720px; --smush-placeholder-aspect-ratio: 720\/720;\" \/>\t\t\t<\/a>\r\n\t\t\t\r\n\t\t\t<span class=\"overlay\">\r\n\t\t\t\t<h5>Nuclea<\/h5>\r\n\t\t\t\t<i class=\"ot-flaticon-add\"><\/i>\r\n\t\t\t<\/span>\r\n\t\t<\/div>\r\n\t\t<div class=\"portfolio-info\">\r\n\t\t\t<div class=\"portfolio-info-inner\">\r\n\t\t\t\t<h5><a class=\"title-link\" href=\"https:\/\/spaceplan.alsbrasil.com.br\/en\/portfolio\/nuclea\/\" data-src=\"https:\/\/spaceplan.alsbrasil.com.br\/wp-content\/uploads\/2025\/01\/spaceplan_nuclea_finais-alta-12-scaled.jpg\" data-sub-html=\"Nuclea\">Nuclea<\/a><\/h5>\r\n\t\t\t\t<p class=\"portfolio-cates\"><a href=\"https:\/\/spaceplan.alsbrasil.com.br\/en\/portfolio-category\/arq\/\">Corporate Architecture<\/a><\/p> \r\n\t\t\t<\/div>\r\n\t\t\t<a class=\"overlay\" href=\"https:\/\/spaceplan.alsbrasil.com.br\/en\/portfolio\/nuclea\/\"><\/a>\r\n\t\t<\/div>\r\n\t<\/div>\r\n<\/div>\r\n<div class=\"project-item category-32\">\r\n\t<div class=\"projects-box\">\r\n\t\t<div class=\"projects-thumbnail\" data-src=\"https:\/\/spaceplan.alsbrasil.com.br\/wp-content\/uploads\/2019\/11\/MMF6612-HDR-Edit-scaled.jpg\" data-sub-html=\"Brainvest\">\r\n\t\t\t<a href=\"https:\/\/spaceplan.alsbrasil.com.br\/en\/portfolio\/brainvest\/\">\r\n\t\t\t\t<img decoding=\"async\" width=\"720\" height=\"720\" data-src=\"https:\/\/spaceplan.alsbrasil.com.br\/wp-content\/uploads\/2019\/11\/MMF6612-HDR-Edit-720x720.jpg\" class=\"attachment-theratio-portfolio-thumbnail-grid size-theratio-portfolio-thumbnail-grid wp-post-image lazyload\" alt=\"\" data-srcset=\"https:\/\/spaceplan.alsbrasil.com.br\/wp-content\/uploads\/2019\/11\/MMF6612-HDR-Edit-720x720.jpg 720w, https:\/\/spaceplan.alsbrasil.com.br\/wp-content\/uploads\/2019\/11\/MMF6612-HDR-Edit-150x150.jpg 150w\" data-sizes=\"(max-width: 720px) 100vw, 720px\" src=\"data:image\/svg+xml;base64,PHN2ZyB3aWR0aD0iMSIgaGVpZ2h0PSIxIiB4bWxucz0iaHR0cDovL3d3dy53My5vcmcvMjAwMC9zdmciPjwvc3ZnPg==\" style=\"--smush-placeholder-width: 720px; --smush-placeholder-aspect-ratio: 720\/720;\" \/>\t\t\t<\/a>\r\n\t\t\t\r\n\t\t\t<span class=\"overlay\">\r\n\t\t\t\t<h5>Brainvest<\/h5>\r\n\t\t\t\t<i class=\"ot-flaticon-add\"><\/i>\r\n\t\t\t<\/span>\r\n\t\t<\/div>\r\n\t\t<div class=\"portfolio-info\">\r\n\t\t\t<div class=\"portfolio-info-inner\">\r\n\t\t\t\t<h5><a class=\"title-link\" href=\"https:\/\/spaceplan.alsbrasil.com.br\/en\/portfolio\/brainvest\/\" data-src=\"https:\/\/spaceplan.alsbrasil.com.br\/wp-content\/uploads\/2019\/11\/MMF6612-HDR-Edit-scaled.jpg\" data-sub-html=\"Brainvest\">Brainvest<\/a><\/h5>\r\n\t\t\t\t<p class=\"portfolio-cates\"><a href=\"https:\/\/spaceplan.alsbrasil.com.br\/en\/portfolio-category\/arq\/\">Corporate Architecture<\/a><\/p> \r\n\t\t\t<\/div>\r\n\t\t\t<a class=\"overlay\" href=\"https:\/\/spaceplan.alsbrasil.com.br\/en\/portfolio\/brainvest\/\"><\/a>\r\n\t\t<\/div>\r\n\t<\/div>\r\n<\/div>\r\n<div class=\"project-item category-32\">\r\n\t<div class=\"projects-box\">\r\n\t\t<div class=\"projects-thumbnail\" data-src=\"https:\/\/spaceplan.alsbrasil.com.br\/wp-content\/uploads\/2024\/11\/spaceplan_logitech_finais-alta-1-scaled.jpg\" data-sub-html=\"Logitech\">\r\n\t\t\t<a href=\"https:\/\/spaceplan.alsbrasil.com.br\/en\/portfolio\/logitech\/\">\r\n\t\t\t\t<img decoding=\"async\" width=\"720\" height=\"720\" data-src=\"https:\/\/spaceplan.alsbrasil.com.br\/wp-content\/uploads\/2024\/11\/spaceplan_logitech_finais-alta-1-720x720.jpg\" class=\"attachment-theratio-portfolio-thumbnail-grid size-theratio-portfolio-thumbnail-grid wp-post-image lazyload\" alt=\"\" data-srcset=\"https:\/\/spaceplan.alsbrasil.com.br\/wp-content\/uploads\/2024\/11\/spaceplan_logitech_finais-alta-1-720x720.jpg 720w, https:\/\/spaceplan.alsbrasil.com.br\/wp-content\/uploads\/2024\/11\/spaceplan_logitech_finais-alta-1-150x150.jpg 150w\" data-sizes=\"(max-width: 720px) 100vw, 720px\" src=\"data:image\/svg+xml;base64,PHN2ZyB3aWR0aD0iMSIgaGVpZ2h0PSIxIiB4bWxucz0iaHR0cDovL3d3dy53My5vcmcvMjAwMC9zdmciPjwvc3ZnPg==\" style=\"--smush-placeholder-width: 720px; --smush-placeholder-aspect-ratio: 720\/720;\" \/>\t\t\t<\/a>\r\n\t\t\t\r\n\t\t\t<span class=\"overlay\">\r\n\t\t\t\t<h5>Logitech<\/h5>\r\n\t\t\t\t<i class=\"ot-flaticon-add\"><\/i>\r\n\t\t\t<\/span>\r\n\t\t<\/div>\r\n\t\t<div class=\"portfolio-info\">\r\n\t\t\t<div class=\"portfolio-info-inner\">\r\n\t\t\t\t<h5><a class=\"title-link\" href=\"https:\/\/spaceplan.alsbrasil.com.br\/en\/portfolio\/logitech\/\" data-src=\"https:\/\/spaceplan.alsbrasil.com.br\/wp-content\/uploads\/2024\/11\/spaceplan_logitech_finais-alta-1-scaled.jpg\" data-sub-html=\"Logitech\">Logitech<\/a><\/h5>\r\n\t\t\t\t<p class=\"portfolio-cates\"><a href=\"https:\/\/spaceplan.alsbrasil.com.br\/en\/portfolio-category\/arq\/\">Corporate Architecture<\/a><\/p> \r\n\t\t\t<\/div>\r\n\t\t\t<a class=\"overlay\" href=\"https:\/\/spaceplan.alsbrasil.com.br\/en\/portfolio\/logitech\/\"><\/a>\r\n\t\t<\/div>\r\n\t<\/div>\r\n<\/div>\t\t\t<\/div>\r\n\r\n\t\t\t<div class=\"btn-block\"><a href=\"#\" class=\"btn-loadmore octf-btn\" data-category=\"\" data-loaded=\"Load More\" data-loading=\"Loading...\" data-style=\"grid\">Load More<\/a><\/div>\t    <\/div>\r\n\t\t\t\t\t\t\t\t\t\t\r\n\t    \t\t\t\t<\/div>\n\t\t\t\t<\/div>\n\t\t\t\t\t<\/div>\n\t\t<\/div>\n\t\t\t\t\t<\/div>\n\t\t<\/section>\n\t\t\t\t<\/div>","protected":false},"excerpt":{"rendered":"<p>Check out our cases All Architecture Industrial Space ZIP Baker Hughes Baker Hughes Industrial Invest Invest Invest Space ZIP Flash App Flash App Architecture HIG HIG Architecture IPSOS IPSOS Architecture Brookfield Brookfield Architecture Brainvest Brainvest Architecture<\/p>","protected":false},"author":1,"featured_media":0,"parent":0,"menu_order":0,"comment_status":"closed","ping_status":"closed","template":"","meta":{"footnotes":""},"class_list":["post-4730","page","type-page","status-publish","hentry"],"yoast_head":"<!-- This site is optimized with the Yoast SEO plugin v27.5 - https:\/\/yoast.com\/product\/yoast-seo-wordpress\/ -->\n<title>Cases - Space Plan<\/title>\n<meta name=\"description\" content=\"A Space Plan \u00e9 uma empresa com solu\u00e7\u00f5es de arquitetura corporativa, industrial e servi\u00e7os de log\u00edstica, incluindo mudan\u00e7a e armazenamento. \u200b\" \/>\n<meta name=\"robots\" content=\"index, follow, max-snippet:-1, max-image-preview:large, max-video-preview:-1\" \/>\n<link rel=\"canonical\" href=\"https:\/\/spaceplan.alsbrasil.com.br\/en\/cases\/\" \/>\n<meta property=\"og:locale\" content=\"en_US\" \/>\n<meta property=\"og:type\" content=\"article\" \/>\n<meta property=\"og:title\" content=\"Cases - Space Plan\" \/>\n<meta property=\"og:description\" content=\"A Space Plan \u00e9 uma empresa com solu\u00e7\u00f5es de arquitetura corporativa, industrial e servi\u00e7os de log\u00edstica, incluindo mudan\u00e7a e armazenamento. \u200b\" \/>\n<meta property=\"og:url\" content=\"https:\/\/spaceplan.alsbrasil.com.br\/en\/cases\/\" \/>\n<meta property=\"og:site_name\" content=\"Space Plan\" \/>\n<meta property=\"article:publisher\" content=\"https:\/\/www.facebook.com\/spaceplan.arq\" \/>\n<meta property=\"article:modified_time\" content=\"2024-06-10T18:03:05+00:00\" \/>\n<meta property=\"og:image\" content=\"http:\/\/spaceplan.alsbrasil.com.br\/wp-content\/uploads\/2024\/03\/capa-baker.png\" \/>\n<meta name=\"twitter:card\" content=\"summary_large_image\" \/>\n<meta name=\"twitter:label1\" content=\"Est. reading time\" \/>\n\t<meta name=\"twitter:data1\" content=\"2 minutes\" \/>\n<script type=\"application\/ld+json\" class=\"yoast-schema-graph\">{\"@context\":\"https:\\\/\\\/schema.org\",\"@graph\":[{\"@type\":\"WebPage\",\"@id\":\"https:\\\/\\\/spaceplan.alsbrasil.com.br\\\/cases\\\/\",\"url\":\"https:\\\/\\\/spaceplan.alsbrasil.com.br\\\/cases\\\/\",\"name\":\"Cases - Space Plan\",\"isPartOf\":{\"@id\":\"https:\\\/\\\/spaceplan.alsbrasil.com.br\\\/#website\"},\"primaryImageOfPage\":{\"@id\":\"https:\\\/\\\/spaceplan.alsbrasil.com.br\\\/cases\\\/#primaryimage\"},\"image\":{\"@id\":\"https:\\\/\\\/spaceplan.alsbrasil.com.br\\\/cases\\\/#primaryimage\"},\"thumbnailUrl\":\"https:\\\/\\\/spaceplan.alsbrasil.com.br\\\/wp-content\\\/uploads\\\/2024\\\/03\\\/capa-baker.png\",\"datePublished\":\"2020-07-29T08:51:38+00:00\",\"dateModified\":\"2024-06-10T18:03:05+00:00\",\"description\":\"A Space Plan \u00e9 uma empresa com solu\u00e7\u00f5es de arquitetura corporativa, industrial e servi\u00e7os de log\u00edstica, incluindo mudan\u00e7a e armazenamento. \u200b\",\"breadcrumb\":{\"@id\":\"https:\\\/\\\/spaceplan.alsbrasil.com.br\\\/cases\\\/#breadcrumb\"},\"inLanguage\":\"en-US\",\"potentialAction\":[{\"@type\":\"ReadAction\",\"target\":[\"https:\\\/\\\/spaceplan.alsbrasil.com.br\\\/cases\\\/\"]}]},{\"@type\":\"ImageObject\",\"inLanguage\":\"en-US\",\"@id\":\"https:\\\/\\\/spaceplan.alsbrasil.com.br\\\/cases\\\/#primaryimage\",\"url\":\"https:\\\/\\\/spaceplan.alsbrasil.com.br\\\/wp-content\\\/uploads\\\/2024\\\/03\\\/capa-baker.png\",\"contentUrl\":\"https:\\\/\\\/spaceplan.alsbrasil.com.br\\\/wp-content\\\/uploads\\\/2024\\\/03\\\/capa-baker.png\"},{\"@type\":\"BreadcrumbList\",\"@id\":\"https:\\\/\\\/spaceplan.alsbrasil.com.br\\\/cases\\\/#breadcrumb\",\"itemListElement\":[{\"@type\":\"ListItem\",\"position\":1,\"name\":\"Home\",\"item\":\"https:\\\/\\\/spaceplan.alsbrasil.com.br\\\/\"},{\"@type\":\"ListItem\",\"position\":2,\"name\":\"Cases\"}]},{\"@type\":\"WebSite\",\"@id\":\"https:\\\/\\\/spaceplan.alsbrasil.com.br\\\/#website\",\"url\":\"https:\\\/\\\/spaceplan.alsbrasil.com.br\\\/\",\"name\":\"Space Plan\",\"description\":\"Transformamos o jeito de trabalhar.\",\"publisher\":{\"@id\":\"https:\\\/\\\/spaceplan.alsbrasil.com.br\\\/#organization\"},\"potentialAction\":[{\"@type\":\"SearchAction\",\"target\":{\"@type\":\"EntryPoint\",\"urlTemplate\":\"https:\\\/\\\/spaceplan.alsbrasil.com.br\\\/?s={search_term_string}\"},\"query-input\":{\"@type\":\"PropertyValueSpecification\",\"valueRequired\":true,\"valueName\":\"search_term_string\"}}],\"inLanguage\":\"en-US\"},{\"@type\":\"Organization\",\"@id\":\"https:\\\/\\\/spaceplan.alsbrasil.com.br\\\/#organization\",\"name\":\"Space Plan\",\"url\":\"https:\\\/\\\/spaceplan.alsbrasil.com.br\\\/\",\"logo\":{\"@type\":\"ImageObject\",\"inLanguage\":\"en-US\",\"@id\":\"https:\\\/\\\/spaceplan.alsbrasil.com.br\\\/#\\\/schema\\\/logo\\\/image\\\/\",\"url\":\"https:\\\/\\\/spaceplan.alsbrasil.com.br\\\/wp-content\\\/uploads\\\/2024\\\/03\\\/logo-site.svg\",\"contentUrl\":\"https:\\\/\\\/spaceplan.alsbrasil.com.br\\\/wp-content\\\/uploads\\\/2024\\\/03\\\/logo-site.svg\",\"width\":996,\"height\":392,\"caption\":\"Space Plan\"},\"image\":{\"@id\":\"https:\\\/\\\/spaceplan.alsbrasil.com.br\\\/#\\\/schema\\\/logo\\\/image\\\/\"},\"sameAs\":[\"https:\\\/\\\/www.facebook.com\\\/spaceplan.arq\",\"https:\\\/\\\/www.youtube.com\\\/@spaceplan1704\",\"https:\\\/\\\/www.linkedin.com\\\/company\\\/space-plan\\\/?originalSubdomain=pt\",\"https:\\\/\\\/www.instagram.com\\\/spaceplan_arq\\\/\"]}]}<\/script>\n<!-- \/ Yoast SEO plugin. -->","yoast_head_json":{"title":"Cases - Space Plan","description":"Space Plan is a company with solutions for corporate and industrial architecture and logistics services, including moving and storage.","robots":{"index":"index","follow":"follow","max-snippet":"max-snippet:-1","max-image-preview":"max-image-preview:large","max-video-preview":"max-video-preview:-1"},"canonical":"https:\/\/spaceplan.alsbrasil.com.br\/en\/cases\/","og_locale":"en_US","og_type":"article","og_title":"Cases - Space Plan","og_description":"A Space Plan \u00e9 uma empresa com solu\u00e7\u00f5es de arquitetura corporativa, industrial e servi\u00e7os de log\u00edstica, incluindo mudan\u00e7a e armazenamento. \u200b","og_url":"https:\/\/spaceplan.alsbrasil.com.br\/en\/cases\/","og_site_name":"Space Plan","article_publisher":"https:\/\/www.facebook.com\/spaceplan.arq","article_modified_time":"2024-06-10T18:03:05+00:00","og_image":[{"url":"http:\/\/spaceplan.alsbrasil.com.br\/wp-content\/uploads\/2024\/03\/capa-baker.png","type":"","width":"","height":""}],"twitter_card":"summary_large_image","twitter_misc":{"Est. reading time":"2 minutes"},"schema":{"@context":"https:\/\/schema.org","@graph":[{"@type":"WebPage","@id":"https:\/\/spaceplan.alsbrasil.com.br\/cases\/","url":"https:\/\/spaceplan.alsbrasil.com.br\/cases\/","name":"Cases - Space Plan","isPartOf":{"@id":"https:\/\/spaceplan.alsbrasil.com.br\/#website"},"primaryImageOfPage":{"@id":"https:\/\/spaceplan.alsbrasil.com.br\/cases\/#primaryimage"},"image":{"@id":"https:\/\/spaceplan.alsbrasil.com.br\/cases\/#primaryimage"},"thumbnailUrl":"https:\/\/spaceplan.alsbrasil.com.br\/wp-content\/uploads\/2024\/03\/capa-baker.png","datePublished":"2020-07-29T08:51:38+00:00","dateModified":"2024-06-10T18:03:05+00:00","description":"Space Plan is a company with solutions for corporate and industrial architecture and logistics services, including moving and storage.","breadcrumb":{"@id":"https:\/\/spaceplan.alsbrasil.com.br\/cases\/#breadcrumb"},"inLanguage":"en-US","potentialAction":[{"@type":"ReadAction","target":["https:\/\/spaceplan.alsbrasil.com.br\/cases\/"]}]},{"@type":"ImageObject","inLanguage":"en-US","@id":"https:\/\/spaceplan.alsbrasil.com.br\/cases\/#primaryimage","url":"https:\/\/spaceplan.alsbrasil.com.br\/wp-content\/uploads\/2024\/03\/capa-baker.png","contentUrl":"https:\/\/spaceplan.alsbrasil.com.br\/wp-content\/uploads\/2024\/03\/capa-baker.png"},{"@type":"BreadcrumbList","@id":"https:\/\/spaceplan.alsbrasil.com.br\/cases\/#breadcrumb","itemListElement":[{"@type":"ListItem","position":1,"name":"Home","item":"https:\/\/spaceplan.alsbrasil.com.br\/"},{"@type":"ListItem","position":2,"name":"Cases"}]},{"@type":"WebSite","@id":"https:\/\/spaceplan.alsbrasil.com.br\/#website","url":"https:\/\/spaceplan.alsbrasil.com.br\/","name":"Space Plan","description":"We have transformed the way we work.","publisher":{"@id":"https:\/\/spaceplan.alsbrasil.com.br\/#organization"},"potentialAction":[{"@type":"SearchAction","target":{"@type":"EntryPoint","urlTemplate":"https:\/\/spaceplan.alsbrasil.com.br\/?s={search_term_string}"},"query-input":{"@type":"PropertyValueSpecification","valueRequired":true,"valueName":"search_term_string"}}],"inLanguage":"en-US"},{"@type":"Organization","@id":"https:\/\/spaceplan.alsbrasil.com.br\/#organization","name":"Space Plan","url":"https:\/\/spaceplan.alsbrasil.com.br\/","logo":{"@type":"ImageObject","inLanguage":"en-US","@id":"https:\/\/spaceplan.alsbrasil.com.br\/#\/schema\/logo\/image\/","url":"https:\/\/spaceplan.alsbrasil.com.br\/wp-content\/uploads\/2024\/03\/logo-site.svg","contentUrl":"https:\/\/spaceplan.alsbrasil.com.br\/wp-content\/uploads\/2024\/03\/logo-site.svg","width":996,"height":392,"caption":"Space Plan"},"image":{"@id":"https:\/\/spaceplan.alsbrasil.com.br\/#\/schema\/logo\/image\/"},"sameAs":["https:\/\/www.facebook.com\/spaceplan.arq","https:\/\/www.youtube.com\/@spaceplan1704","https:\/\/www.linkedin.com\/company\/space-plan\/?originalSubdomain=pt","https:\/\/www.instagram.com\/spaceplan_arq\/"]}]}},"_links":{"self":[{"href":"https:\/\/spaceplan.alsbrasil.com.br\/en\/wp-json\/wp\/v2\/pages\/4730","targetHints":{"allow":["GET"]}}],"collection":[{"href":"https:\/\/spaceplan.alsbrasil.com.br\/en\/wp-json\/wp\/v2\/pages"}],"about":[{"href":"https:\/\/spaceplan.alsbrasil.com.br\/en\/wp-json\/wp\/v2\/types\/page"}],"author":[{"embeddable":true,"href":"https:\/\/spaceplan.alsbrasil.com.br\/en\/wp-json\/wp\/v2\/users\/1"}],"replies":[{"embeddable":true,"href":"https:\/\/spaceplan.alsbrasil.com.br\/en\/wp-json\/wp\/v2\/comments?post=4730"}],"version-history":[{"count":8,"href":"https:\/\/spaceplan.alsbrasil.com.br\/en\/wp-json\/wp\/v2\/pages\/4730\/revisions"}],"predecessor-version":[{"id":6094,"href":"https:\/\/spaceplan.alsbrasil.com.br\/en\/wp-json\/wp\/v2\/pages\/4730\/revisions\/6094"}],"wp:attachment":[{"href":"https:\/\/spaceplan.alsbrasil.com.br\/en\/wp-json\/wp\/v2\/media?parent=4730"}],"curies":[{"name":"wp","href":"https:\/\/api.w.org\/{rel}","templated":true}]}}