{"id":4735,"date":"2020-08-24T02:59:08","date_gmt":"2020-08-24T02:59:08","guid":{"rendered":"http:\/\/wpdemo.archiwp.com\/theratio\/?page_id=4497"},"modified":"2024-06-10T15:04:18","modified_gmt":"2024-06-10T18:04:18","slug":"404-2","status":"publish","type":"page","link":"https:\/\/spaceplan.alsbrasil.com.br\/en\/404-2\/","title":{"rendered":"404"},"content":{"rendered":"<div data-elementor-type=\"wp-page\" data-elementor-id=\"4735\" class=\"elementor elementor-4735\" data-elementor-post-type=\"page\">\n\t\t\t\t\t\t<section class=\"elementor-section elementor-top-section elementor-element elementor-element-f04c529 elementor-section-height-full elementor-section-content-middle error-404 elementor-section-boxed elementor-section-height-default elementor-section-items-middle\" data-id=\"f04c529\" data-element_type=\"section\" data-e-type=\"section\" data-settings=\"{&quot;background_background&quot;:&quot;classic&quot;}\">\n\t\t\t\t\t\t\t<div class=\"elementor-background-overlay\"><\/div>\n\t\t\t\t\t\t\t<div class=\"elementor-container elementor-column-gap-default\">\n\t\t\t\t\t<div class=\"elementor-column elementor-col-100 elementor-top-column elementor-element elementor-element-3989021\" data-id=\"3989021\" data-element_type=\"column\" data-e-type=\"column\">\n\t\t\t<div class=\"elementor-widget-wrap elementor-element-populated\">\n\t\t\t\t\t\t<div class=\"elementor-element elementor-element-def7b00 elementor-fixed elementor-widget elementor-widget-ilogo\" data-id=\"def7b00\" data-element_type=\"widget\" data-e-type=\"widget\" data-settings=\"{&quot;_position&quot;:&quot;fixed&quot;}\" data-widget_type=\"ilogo.default\">\n\t\t\t\t<div class=\"elementor-widget-container\">\n\t\t\t\t\t\t\t\t\r\n\t    \t<div class=\"the-logo\">\r\n\t\t\t\t<a href=\"https:\/\/spaceplan.alsbrasil.com.br\/en\/\">\r\n\t\t\t\t\t<img decoding=\"async\" data-src=\"https:\/\/spaceplan.alsbrasil.com.br\/wp-content\/uploads\/2020\/07\/SS_0005_20_logotipo_1cor_negativo_AF1.png\" alt=\"Space Plan\" src=\"data:image\/svg+xml;base64,PHN2ZyB3aWR0aD0iMSIgaGVpZ2h0PSIxIiB4bWxucz0iaHR0cDovL3d3dy53My5vcmcvMjAwMC9zdmciPjwvc3ZnPg==\" class=\"lazyload\" style=\"--smush-placeholder-width: 4153px; --smush-placeholder-aspect-ratio: 4153\/1636;\">\r\n\t\t\t\t<\/a>\t\t\t        \r\n\t\t    <\/div>\r\n\t\t    \r\n\t    \t\t\t\t<\/div>\n\t\t\t\t<\/div>\n\t\t\t\t<div class=\"elementor-element elementor-element-4c80275 elementor-widget elementor-widget-heading\" data-id=\"4c80275\" data-element_type=\"widget\" data-e-type=\"widget\" data-widget_type=\"heading.default\">\n\t\t\t\t<div class=\"elementor-widget-container\">\n\t\t\t\t\t<h1 class=\"elementor-heading-title elementor-size-default\">OPS!<\/h1>\t\t\t\t<\/div>\n\t\t\t\t<\/div>\n\t\t\t\t<section class=\"elementor-section elementor-inner-section elementor-element elementor-element-3f2e2ea elementor-section-full_width elementor-section-height-default elementor-section-height-default\" data-id=\"3f2e2ea\" data-element_type=\"section\" data-e-type=\"section\">\n\t\t\t\t\t\t<div class=\"elementor-container elementor-column-gap-no\">\n\t\t\t\t\t<div class=\"elementor-column elementor-col-100 elementor-inner-column elementor-element elementor-element-409f172 ot-flex-column-vertical\" data-id=\"409f172\" data-element_type=\"column\" data-e-type=\"column\">\n\t\t\t<div class=\"elementor-widget-wrap elementor-element-populated\">\n\t\t\t\t\t\t<div class=\"elementor-element elementor-element-efa3754 elementor-widget elementor-widget-text-editor\" data-id=\"efa3754\" data-element_type=\"widget\" data-e-type=\"widget\" data-widget_type=\"text-editor.default\">\n\t\t\t\t<div class=\"elementor-widget-container\">\n\t\t\t\t\t\t\t\t\t<p>Sorry, the page you're trying to access doesn't exist.<\/p>\t\t\t\t\t\t\t\t<\/div>\n\t\t\t\t<\/div>\n\t\t\t\t\t<\/div>\n\t\t<\/div>\n\t\t\t\t\t<\/div>\n\t\t<\/section>\n\t\t\t\t<div class=\"elementor-element elementor-element-5937da8 elementor-align-center elementor-widget elementor-widget-ibutton\" data-id=\"5937da8\" data-element_type=\"widget\" data-e-type=\"widget\" data-widget_type=\"ibutton.default\">\n\t\t\t\t<div class=\"elementor-widget-container\">\n\t\t\t\t\t\t\t<div class=\"ot-button\">\r\n\t\t\t<a href=\"https:\/\/spaceplan.alsbrasil.com.br\/en\/\" class=\"octf-btn octf-btn-light no-line\">Home<\/a>\r\n\t    <\/div>\r\n\t    \t\t\t\t<\/div>\n\t\t\t\t<\/div>\n\t\t\t\t\t<\/div>\n\t\t<\/div>\n\t\t\t\t\t<\/div>\n\t\t<\/section>\n\t\t\t\t<\/div>","protected":false},"excerpt":{"rendered":"<p>OPS! Sorry, the page you're trying to access doesn't exist. Home<\/p>","protected":false},"author":1,"featured_media":0,"parent":0,"menu_order":0,"comment_status":"closed","ping_status":"closed","template":"elementor_canvas","meta":{"footnotes":""},"class_list":["post-4735","page","type-page","status-publish","hentry"],"yoast_head":"<!-- This site is optimized with the Yoast SEO plugin v27.5 - https:\/\/yoast.com\/product\/yoast-seo-wordpress\/ -->\n<title>404 - Space Plan<\/title>\n<meta name=\"description\" content=\"A Space Plan \u00e9 uma empresa com solu\u00e7\u00f5es de arquitetura corporativa, industrial e servi\u00e7os de log\u00edstica, incluindo mudan\u00e7a e armazenamento. \u200b\" \/>\n<meta name=\"robots\" content=\"index, follow, max-snippet:-1, max-image-preview:large, max-video-preview:-1\" \/>\n<link rel=\"canonical\" href=\"https:\/\/spaceplan.alsbrasil.com.br\/en\/404-2\/\" \/>\n<meta property=\"og:locale\" content=\"en_US\" \/>\n<meta property=\"og:type\" content=\"article\" \/>\n<meta property=\"og:title\" content=\"404 - Space Plan\" \/>\n<meta property=\"og:description\" content=\"A Space Plan \u00e9 uma empresa com solu\u00e7\u00f5es de arquitetura corporativa, industrial e servi\u00e7os de log\u00edstica, incluindo mudan\u00e7a e armazenamento. \u200b\" \/>\n<meta property=\"og:url\" content=\"https:\/\/spaceplan.alsbrasil.com.br\/en\/404-2\/\" \/>\n<meta property=\"og:site_name\" content=\"Space Plan\" \/>\n<meta property=\"article:publisher\" content=\"https:\/\/www.facebook.com\/spaceplan.arq\" \/>\n<meta property=\"article:modified_time\" content=\"2024-06-10T18:04:18+00:00\" \/>\n<meta property=\"og:image\" content=\"http:\/\/spaceplan.alsbrasil.com.br\/wp-content\/uploads\/2020\/07\/SS_0005_20_logotipo_1cor_negativo_AF1.png\" \/>\n<meta name=\"twitter:card\" content=\"summary_large_image\" \/>\n<meta name=\"twitter:label1\" content=\"Est. reading time\" \/>\n\t<meta name=\"twitter:data1\" content=\"1 minute\" \/>\n<script type=\"application\/ld+json\" class=\"yoast-schema-graph\">{\"@context\":\"https:\\\/\\\/schema.org\",\"@graph\":[{\"@type\":\"WebPage\",\"@id\":\"https:\\\/\\\/spaceplan.alsbrasil.com.br\\\/404-2\\\/\",\"url\":\"https:\\\/\\\/spaceplan.alsbrasil.com.br\\\/404-2\\\/\",\"name\":\"404 - Space Plan\",\"isPartOf\":{\"@id\":\"https:\\\/\\\/spaceplan.alsbrasil.com.br\\\/#website\"},\"primaryImageOfPage\":{\"@id\":\"https:\\\/\\\/spaceplan.alsbrasil.com.br\\\/404-2\\\/#primaryimage\"},\"image\":{\"@id\":\"https:\\\/\\\/spaceplan.alsbrasil.com.br\\\/404-2\\\/#primaryimage\"},\"thumbnailUrl\":\"https:\\\/\\\/spaceplan.alsbrasil.com.br\\\/wp-content\\\/uploads\\\/2020\\\/07\\\/SS_0005_20_logotipo_1cor_negativo_AF1.png\",\"datePublished\":\"2020-08-24T02:59:08+00:00\",\"dateModified\":\"2024-06-10T18:04:18+00:00\",\"description\":\"A Space Plan \u00e9 uma empresa com solu\u00e7\u00f5es de arquitetura corporativa, industrial e servi\u00e7os de log\u00edstica, incluindo mudan\u00e7a e armazenamento. \u200b\",\"breadcrumb\":{\"@id\":\"https:\\\/\\\/spaceplan.alsbrasil.com.br\\\/404-2\\\/#breadcrumb\"},\"inLanguage\":\"en-US\",\"potentialAction\":[{\"@type\":\"ReadAction\",\"target\":[\"https:\\\/\\\/spaceplan.alsbrasil.com.br\\\/404-2\\\/\"]}]},{\"@type\":\"ImageObject\",\"inLanguage\":\"en-US\",\"@id\":\"https:\\\/\\\/spaceplan.alsbrasil.com.br\\\/404-2\\\/#primaryimage\",\"url\":\"https:\\\/\\\/spaceplan.alsbrasil.com.br\\\/wp-content\\\/uploads\\\/2020\\\/07\\\/SS_0005_20_logotipo_1cor_negativo_AF1.png\",\"contentUrl\":\"https:\\\/\\\/spaceplan.alsbrasil.com.br\\\/wp-content\\\/uploads\\\/2020\\\/07\\\/SS_0005_20_logotipo_1cor_negativo_AF1.png\"},{\"@type\":\"BreadcrumbList\",\"@id\":\"https:\\\/\\\/spaceplan.alsbrasil.com.br\\\/404-2\\\/#breadcrumb\",\"itemListElement\":[{\"@type\":\"ListItem\",\"position\":1,\"name\":\"Home\",\"item\":\"https:\\\/\\\/spaceplan.alsbrasil.com.br\\\/\"},{\"@type\":\"ListItem\",\"position\":2,\"name\":\"404\"}]},{\"@type\":\"WebSite\",\"@id\":\"https:\\\/\\\/spaceplan.alsbrasil.com.br\\\/#website\",\"url\":\"https:\\\/\\\/spaceplan.alsbrasil.com.br\\\/\",\"name\":\"Space Plan\",\"description\":\"Transformamos o jeito de trabalhar.\",\"publisher\":{\"@id\":\"https:\\\/\\\/spaceplan.alsbrasil.com.br\\\/#organization\"},\"potentialAction\":[{\"@type\":\"SearchAction\",\"target\":{\"@type\":\"EntryPoint\",\"urlTemplate\":\"https:\\\/\\\/spaceplan.alsbrasil.com.br\\\/?s={search_term_string}\"},\"query-input\":{\"@type\":\"PropertyValueSpecification\",\"valueRequired\":true,\"valueName\":\"search_term_string\"}}],\"inLanguage\":\"en-US\"},{\"@type\":\"Organization\",\"@id\":\"https:\\\/\\\/spaceplan.alsbrasil.com.br\\\/#organization\",\"name\":\"Space Plan\",\"url\":\"https:\\\/\\\/spaceplan.alsbrasil.com.br\\\/\",\"logo\":{\"@type\":\"ImageObject\",\"inLanguage\":\"en-US\",\"@id\":\"https:\\\/\\\/spaceplan.alsbrasil.com.br\\\/#\\\/schema\\\/logo\\\/image\\\/\",\"url\":\"https:\\\/\\\/spaceplan.alsbrasil.com.br\\\/wp-content\\\/uploads\\\/2024\\\/03\\\/logo-site.svg\",\"contentUrl\":\"https:\\\/\\\/spaceplan.alsbrasil.com.br\\\/wp-content\\\/uploads\\\/2024\\\/03\\\/logo-site.svg\",\"width\":996,\"height\":392,\"caption\":\"Space Plan\"},\"image\":{\"@id\":\"https:\\\/\\\/spaceplan.alsbrasil.com.br\\\/#\\\/schema\\\/logo\\\/image\\\/\"},\"sameAs\":[\"https:\\\/\\\/www.facebook.com\\\/spaceplan.arq\",\"https:\\\/\\\/www.youtube.com\\\/@spaceplan1704\",\"https:\\\/\\\/www.linkedin.com\\\/company\\\/space-plan\\\/?originalSubdomain=pt\",\"https:\\\/\\\/www.instagram.com\\\/spaceplan_arq\\\/\"]}]}<\/script>\n<!-- \/ Yoast SEO plugin. -->","yoast_head_json":{"title":"404 - Space Plan","description":"Space Plan is a company with solutions for corporate and industrial architecture and logistics services, including moving and storage.","robots":{"index":"index","follow":"follow","max-snippet":"max-snippet:-1","max-image-preview":"max-image-preview:large","max-video-preview":"max-video-preview:-1"},"canonical":"https:\/\/spaceplan.alsbrasil.com.br\/en\/404-2\/","og_locale":"en_US","og_type":"article","og_title":"404 - Space Plan","og_description":"A Space Plan \u00e9 uma empresa com solu\u00e7\u00f5es de arquitetura corporativa, industrial e servi\u00e7os de log\u00edstica, incluindo mudan\u00e7a e armazenamento. \u200b","og_url":"https:\/\/spaceplan.alsbrasil.com.br\/en\/404-2\/","og_site_name":"Space Plan","article_publisher":"https:\/\/www.facebook.com\/spaceplan.arq","article_modified_time":"2024-06-10T18:04:18+00:00","og_image":[{"url":"http:\/\/spaceplan.alsbrasil.com.br\/wp-content\/uploads\/2020\/07\/SS_0005_20_logotipo_1cor_negativo_AF1.png","type":"","width":"","height":""}],"twitter_card":"summary_large_image","twitter_misc":{"Est. reading time":"1 minute"},"schema":{"@context":"https:\/\/schema.org","@graph":[{"@type":"WebPage","@id":"https:\/\/spaceplan.alsbrasil.com.br\/404-2\/","url":"https:\/\/spaceplan.alsbrasil.com.br\/404-2\/","name":"404 - Space Plan","isPartOf":{"@id":"https:\/\/spaceplan.alsbrasil.com.br\/#website"},"primaryImageOfPage":{"@id":"https:\/\/spaceplan.alsbrasil.com.br\/404-2\/#primaryimage"},"image":{"@id":"https:\/\/spaceplan.alsbrasil.com.br\/404-2\/#primaryimage"},"thumbnailUrl":"https:\/\/spaceplan.alsbrasil.com.br\/wp-content\/uploads\/2020\/07\/SS_0005_20_logotipo_1cor_negativo_AF1.png","datePublished":"2020-08-24T02:59:08+00:00","dateModified":"2024-06-10T18:04:18+00:00","description":"Space Plan is a company with solutions for corporate and industrial architecture and logistics services, including moving and storage.","breadcrumb":{"@id":"https:\/\/spaceplan.alsbrasil.com.br\/404-2\/#breadcrumb"},"inLanguage":"en-US","potentialAction":[{"@type":"ReadAction","target":["https:\/\/spaceplan.alsbrasil.com.br\/404-2\/"]}]},{"@type":"ImageObject","inLanguage":"en-US","@id":"https:\/\/spaceplan.alsbrasil.com.br\/404-2\/#primaryimage","url":"https:\/\/spaceplan.alsbrasil.com.br\/wp-content\/uploads\/2020\/07\/SS_0005_20_logotipo_1cor_negativo_AF1.png","contentUrl":"https:\/\/spaceplan.alsbrasil.com.br\/wp-content\/uploads\/2020\/07\/SS_0005_20_logotipo_1cor_negativo_AF1.png"},{"@type":"BreadcrumbList","@id":"https:\/\/spaceplan.alsbrasil.com.br\/404-2\/#breadcrumb","itemListElement":[{"@type":"ListItem","position":1,"name":"Home","item":"https:\/\/spaceplan.alsbrasil.com.br\/"},{"@type":"ListItem","position":2,"name":"404"}]},{"@type":"WebSite","@id":"https:\/\/spaceplan.alsbrasil.com.br\/#website","url":"https:\/\/spaceplan.alsbrasil.com.br\/","name":"Space Plan","description":"We have transformed the way we work.","publisher":{"@id":"https:\/\/spaceplan.alsbrasil.com.br\/#organization"},"potentialAction":[{"@type":"SearchAction","target":{"@type":"EntryPoint","urlTemplate":"https:\/\/spaceplan.alsbrasil.com.br\/?s={search_term_string}"},"query-input":{"@type":"PropertyValueSpecification","valueRequired":true,"valueName":"search_term_string"}}],"inLanguage":"en-US"},{"@type":"Organization","@id":"https:\/\/spaceplan.alsbrasil.com.br\/#organization","name":"Space Plan","url":"https:\/\/spaceplan.alsbrasil.com.br\/","logo":{"@type":"ImageObject","inLanguage":"en-US","@id":"https:\/\/spaceplan.alsbrasil.com.br\/#\/schema\/logo\/image\/","url":"https:\/\/spaceplan.alsbrasil.com.br\/wp-content\/uploads\/2024\/03\/logo-site.svg","contentUrl":"https:\/\/spaceplan.alsbrasil.com.br\/wp-content\/uploads\/2024\/03\/logo-site.svg","width":996,"height":392,"caption":"Space Plan"},"image":{"@id":"https:\/\/spaceplan.alsbrasil.com.br\/#\/schema\/logo\/image\/"},"sameAs":["https:\/\/www.facebook.com\/spaceplan.arq","https:\/\/www.youtube.com\/@spaceplan1704","https:\/\/www.linkedin.com\/company\/space-plan\/?originalSubdomain=pt","https:\/\/www.instagram.com\/spaceplan_arq\/"]}]}},"_links":{"self":[{"href":"https:\/\/spaceplan.alsbrasil.com.br\/en\/wp-json\/wp\/v2\/pages\/4735","targetHints":{"allow":["GET"]}}],"collection":[{"href":"https:\/\/spaceplan.alsbrasil.com.br\/en\/wp-json\/wp\/v2\/pages"}],"about":[{"href":"https:\/\/spaceplan.alsbrasil.com.br\/en\/wp-json\/wp\/v2\/types\/page"}],"author":[{"embeddable":true,"href":"https:\/\/spaceplan.alsbrasil.com.br\/en\/wp-json\/wp\/v2\/users\/1"}],"replies":[{"embeddable":true,"href":"https:\/\/spaceplan.alsbrasil.com.br\/en\/wp-json\/wp\/v2\/comments?post=4735"}],"version-history":[{"count":12,"href":"https:\/\/spaceplan.alsbrasil.com.br\/en\/wp-json\/wp\/v2\/pages\/4735\/revisions"}],"predecessor-version":[{"id":6245,"href":"https:\/\/spaceplan.alsbrasil.com.br\/en\/wp-json\/wp\/v2\/pages\/4735\/revisions\/6245"}],"wp:attachment":[{"href":"https:\/\/spaceplan.alsbrasil.com.br\/en\/wp-json\/wp\/v2\/media?parent=4735"}],"curies":[{"name":"wp","href":"https:\/\/api.w.org\/{rel}","templated":true}]}}